{"id":81549,"date":"2020-03-07T18:50:09","date_gmt":"2020-03-07T21:50:09","guid":{"rendered":"https:\/\/www.jornalja.com.br\/analise\/?page_id=81549"},"modified":"2026-02-22T15:50:56","modified_gmt":"2026-02-22T18:50:56","slug":"home","status":"publish","type":"page","link":"https:\/\/www.jornalja.com.br\/colunas\/","title":{"rendered":"An\u00e1lise &amp; Opini\u00e3o"},"content":{"rendered":"\n<div class=\"wp-block-query alignwide is-layout-flow wp-block-query-is-layout-flow\"><ul class=\"columns-4 wp-block-post-template is-layout-grid wp-container-core-post-template-is-layout-00263ecc wp-block-post-template-is-layout-grid\"><li class=\"wp-block-post post-84609 post type-post status-publish format-standard hentry category-analiseopiniao\">\n<div class=\"wp-block-post-date\"><time datetime=\"2026-03-30T17:09:50-03:00\">30 de mar\u00e7o de 2026<\/time><\/div>\n\n<h3 class=\"wp-block-post-title\"><a href=\"https:\/\/www.jornalja.com.br\/colunas\/o-centro-historico-de-porto-alegre\/\" target=\"_self\" >O Centro (Hist\u00f3rico) de Porto Alegre<\/a><\/h3>\n<\/li><li class=\"wp-block-post post-84590 post type-post status-publish format-standard has-post-thumbnail hentry category-analiseopiniao\">\n<div class=\"wp-block-post-date\"><time datetime=\"2026-03-08T17:35:22-03:00\">8 de mar\u00e7o de 2026<\/time><\/div>\n\n<h3 class=\"wp-block-post-title\"><a href=\"https:\/\/www.jornalja.com.br\/colunas\/e-preciso-defender-o-jardim-botanico-de-porto-alegre\/\" target=\"_self\" >\u00c9 preciso defender o Jardim Bot\u00e2nico de Porto Alegre<\/a><\/h3>\n<\/li><li class=\"wp-block-post post-84564 post type-post status-publish format-standard has-post-thumbnail hentry category-analiseopiniao\">\n<div class=\"wp-block-post-date\"><time datetime=\"2026-03-06T17:58:40-03:00\">6 de mar\u00e7o de 2026<\/time><\/div>\n\n<h3 class=\"wp-block-post-title\"><a href=\"https:\/\/www.jornalja.com.br\/colunas\/a-nova-celulose-a-beira-do-guaiba-e-o-risco-de-repetir-a-borregaard\/\" target=\"_self\" >A nova celulose \u00e0 beira do Gua\u00edba e o risco de repetir a Borregaard<\/a><\/h3>\n<\/li><li class=\"wp-block-post post-84557 post type-post status-publish format-standard hentry category-analiseopiniao\">\n<div class=\"wp-block-post-date\"><time datetime=\"2026-03-02T21:06:27-03:00\">2 de mar\u00e7o de 2026<\/time><\/div>\n\n<h3 class=\"wp-block-post-title\"><a href=\"https:\/\/www.jornalja.com.br\/colunas\/entrevista-com-leonel-brizola-como-nascem-as-falsificacoes-historicas\/\" target=\"_self\" >Entrevista com Leonel Brizola: Como nascem as falsifica\u00e7\u00f5es hist\u00f3ricas<\/a><\/h3>\n<\/li><li class=\"wp-block-post post-84517 post type-post status-publish format-standard hentry category-analiseopiniao\">\n<div class=\"wp-block-post-date\"><time datetime=\"2026-02-24T07:07:00-03:00\">24 de fevereiro de 2026<\/time><\/div>\n\n<h3 class=\"wp-block-post-title\"><a href=\"https:\/\/www.jornalja.com.br\/colunas\/feminicidio-nova-campanha-vai-mostrar-o-agressor\/\" target=\"_self\" >Feminic\u00eddio, nova campanha vai mostrar o  agressor<\/a><\/h3>\n<\/li><li class=\"wp-block-post post-84538 post type-post status-publish format-standard hentry category-analiseopiniao\">\n<div class=\"wp-block-post-date\"><time datetime=\"2026-02-23T00:28:53-03:00\">23 de fevereiro de 2026<\/time><\/div>\n\n<h3 class=\"wp-block-post-title\"><a href=\"https:\/\/www.jornalja.com.br\/colunas\/vargas-e-lula-algo-em-comum\/\" target=\"_self\" >Vargas e Lula, algo em comum<\/a><\/h3>\n<\/li><li class=\"wp-block-post post-84527 post type-post status-publish format-standard hentry category-analiseopiniao\">\n<div class=\"wp-block-post-date\"><time datetime=\"2026-02-19T22:56:38-03:00\">19 de fevereiro de 2026<\/time><\/div>\n\n<h3 class=\"wp-block-post-title\"><a href=\"https:\/\/www.jornalja.com.br\/colunas\/84527-2\/\" target=\"_self\" >EUA convoca Europa a recolonizar o Sul Global<\/a><\/h3>\n<\/li><li class=\"wp-block-post post-84468 post type-post status-publish format-standard hentry category-analiseopiniao\">\n<div class=\"wp-block-post-date\"><time datetime=\"2025-11-11T11:27:33-03:00\">11 de novembro de 2025<\/time><\/div>\n\n<h3 class=\"wp-block-post-title\"><a href=\"https:\/\/www.jornalja.com.br\/colunas\/a-presidenta-a-miss-e-as-meninas-do-brasil\/\" target=\"_self\" >A presidenta, a miss e as meninas do Brasil<\/a><\/h3>\n<\/li><li class=\"wp-block-post post-84451 post type-post status-publish format-standard has-post-thumbnail hentry category-analiseopiniao\">\n<div class=\"wp-block-post-date\"><time datetime=\"2025-10-08T11:12:54-03:00\">8 de outubro de 2025<\/time><\/div>\n\n<h3 class=\"wp-block-post-title\"><a href=\"https:\/\/www.jornalja.com.br\/colunas\/marcia-turcato-greta-uma-adolescente-na-lideranca-do-mundo\/\" target=\"_self\" >M\u00c1RCIA TURCATO \/ Greta, uma adolescente na lideran\u00e7a do mundo<\/a><\/h3>\n<\/li><li class=\"wp-block-post post-84446 post type-post status-publish format-standard hentry category-analiseopiniao\">\n<div class=\"wp-block-post-date\"><time datetime=\"2025-09-29T12:45:07-03:00\">29 de setembro de 2025<\/time><\/div>\n\n<h3 class=\"wp-block-post-title\"><a href=\"https:\/\/www.jornalja.com.br\/colunas\/marcia-turcato-viva-a-polarizacao\/\" target=\"_self\" >M\u00c1RCIA TURCATO\/ Viva a polariza\u00e7\u00e3o!<\/a><\/h3>\n<\/li><li class=\"wp-block-post post-84439 post type-post status-publish format-standard hentry category-analiseopiniao\">\n<div class=\"wp-block-post-date\"><time datetime=\"2025-09-24T13:47:27-03:00\">24 de setembro de 2025<\/time><\/div>\n\n<h3 class=\"wp-block-post-title\"><a href=\"https:\/\/www.jornalja.com.br\/colunas\/se-fosse-uma-luta-lula-teria-dado-uma-surra-em-donald-trump\/\" target=\"_self\" >Se fosse uma luta, Lula teria dado uma surra em Donald Trump<\/a><\/h3>\n<\/li><li class=\"wp-block-post post-84433 post type-post status-publish format-standard hentry category-analiseopiniao\">\n<div class=\"wp-block-post-date\"><time datetime=\"2025-09-15T09:32:03-03:00\">15 de setembro de 2025<\/time><\/div>\n\n<h3 class=\"wp-block-post-title\"><a href=\"https:\/\/www.jornalja.com.br\/colunas\/paulo-kliass-juros-do-trilhao\/\" target=\"_self\" >PAULO KLIASS\/Juros do trilh\u00e3o<\/a><\/h3>\n<\/li><li class=\"wp-block-post post-84430 post type-post status-publish format-standard hentry category-analiseopiniao\">\n<div class=\"wp-block-post-date\"><time datetime=\"2025-09-12T21:08:01-03:00\">12 de setembro de 2025<\/time><\/div>\n\n<h3 class=\"wp-block-post-title\"><a href=\"https:\/\/www.jornalja.com.br\/colunas\/marcia-turcato-em-fux-eu-nao-confio\/\" target=\"_self\" >MARCIA TURCATO\/Em Fux eu n\u00e3o confio<\/a><\/h3>\n<\/li><li class=\"wp-block-post post-84421 post type-post status-publish format-standard hentry category-analiseopiniao\">\n<div class=\"wp-block-post-date\"><time datetime=\"2025-09-07T18:03:47-03:00\">7 de setembro de 2025<\/time><\/div>\n\n<h3 class=\"wp-block-post-title\"><a href=\"https:\/\/www.jornalja.com.br\/colunas\/mino-carta-mestre-de-todos-nos\/\" target=\"_self\" >ELMAR BONES \/ Mino Carta, mestre de todos n\u00f3s<\/a><\/h3>\n<\/li><li class=\"wp-block-post post-84419 post type-post status-publish format-standard hentry category-analiseopiniao\">\n<div class=\"wp-block-post-date\"><time datetime=\"2025-09-07T17:51:39-03:00\">7 de setembro de 2025<\/time><\/div>\n\n<h3 class=\"wp-block-post-title\"><a href=\"https:\/\/www.jornalja.com.br\/colunas\/ruy-jaguar-verissimo-mino-carta-logo-agora\/\" target=\"_self\" >Ruy, Jaguar, Verissimo, Mino Carta&#8230; logo agora?<\/a><\/h3>\n<\/li><li class=\"wp-block-post post-84392 post type-post status-publish format-standard hentry category-analiseopiniao\">\n<div class=\"wp-block-post-date\"><time datetime=\"2025-08-22T11:37:29-03:00\">22 de agosto de 2025<\/time><\/div>\n\n<h3 class=\"wp-block-post-title\"><a href=\"https:\/\/www.jornalja.com.br\/colunas\/o-risco-de-guerra-aberta-na-america-latina\/\" target=\"_self\" >Risco de guerra aberta na Am\u00e9rica Latina<\/a><\/h3>\n<\/li><li class=\"wp-block-post post-84390 post type-post status-publish format-standard hentry category-analiseopiniao\">\n<div class=\"wp-block-post-date\"><time datetime=\"2025-08-21T15:33:49-03:00\">21 de agosto de 2025<\/time><\/div>\n\n<h3 class=\"wp-block-post-title\"><a href=\"https:\/\/www.jornalja.com.br\/colunas\/geraldo-hasse-ja-40-anos\/\" target=\"_self\" >GERALDO HASSE \/ J\u00c1 40 ANOS<\/a><\/h3>\n<\/li><li class=\"wp-block-post post-84378 post type-post status-publish format-standard hentry category-analiseopiniao\">\n<div class=\"wp-block-post-date\"><time datetime=\"2025-08-12T11:31:09-03:00\">12 de agosto de 2025<\/time><\/div>\n\n<h3 class=\"wp-block-post-title\"><a href=\"https:\/\/www.jornalja.com.br\/colunas\/paulo-brack-quem-ganha-com-a-pressa-na-decisao-sobre-a-mineracao-de-areia-no-guaiba\/\" target=\"_self\" >PAULO BRACK \/ Quem ganha com a pressa na decis\u00e3o sobre a minera\u00e7\u00e3o de areia no Gua\u00edba?<\/a><\/h3>\n<\/li><li class=\"wp-block-post post-84367 post type-post status-publish format-standard hentry category-analiseopiniao\">\n<div class=\"wp-block-post-date\"><time datetime=\"2025-07-15T09:57:07-03:00\">15 de julho de 2025<\/time><\/div>\n\n<h3 class=\"wp-block-post-title\"><a href=\"https:\/\/www.jornalja.com.br\/colunas\/a-solidao-no-poder-lula-contra-todos-os-partidos\/\" target=\"_self\" >A solid\u00e3o no poder: Lula contra todos os partidos<\/a><\/h3>\n<\/li><li class=\"wp-block-post post-84351 post type-post status-publish format-standard hentry category-analiseopiniao\">\n<div class=\"wp-block-post-date\"><time datetime=\"2025-05-23T08:26:21-03:00\">23 de maio de 2025<\/time><\/div>\n\n<h3 class=\"wp-block-post-title\"><a href=\"https:\/\/www.jornalja.com.br\/colunas\/armazenagem-um-gargalo-que-ameaca-o-futuro-do-agro\/\" target=\"_self\" >Armazenagem: um gargalo que amea\u00e7a o futuro do agro<\/a><\/h3>\n<\/li><\/ul>\n\n\n<div style=\"height:70px\" aria-hidden=\"true\" class=\"wp-block-spacer\"><\/div>\n\n\n<nav class=\"wp-block-query-pagination is-content-justification-space-between is-layout-flex wp-container-core-query-pagination-is-layout-b2891da8 wp-block-query-pagination-is-layout-flex\" aria-label=\"Pagina\u00e7\u00e3o\">\n\n\n<div style=\"letter-spacing:12px;\" class=\"wp-block-query-pagination-numbers has-large-font-size\"><span aria-current=\"page\" class=\"page-numbers current\">1<\/span>\n<a class=\"page-numbers\" href=\"?query-0-page=2\">2<\/a>\n<a class=\"page-numbers\" href=\"?query-0-page=3\">3<\/a>\n<span class=\"page-numbers dots\">&hellip;<\/span>\n<a class=\"page-numbers\" href=\"?query-0-page=47\">47<\/a><\/div>\n\n<a href=\"\/colunas\/wp-json\/wp\/v2\/pages\/81549?query-0-page=2\" class=\"wp-block-query-pagination-next\">Pr\u00f3xima p\u00e1gina<span class='wp-block-query-pagination-next-arrow is-arrow-arrow' aria-hidden='true'>\u2192<\/span><\/a>\n<\/nav>\n\n<\/div>\n","protected":false},"excerpt":{"rendered":"","protected":false},"author":1,"featured_media":0,"parent":0,"menu_order":0,"comment_status":"closed","ping_status":"closed","template":"","meta":{"jetpack_post_was_ever_published":false,"footnotes":""},"class_list":["post-81549","page","type-page","status-publish","hentry"],"aioseo_notices":[],"jetpack-related-posts":[],"jetpack_shortlink":"https:\/\/wp.me\/PbKo0s-ldj","jetpack_sharing_enabled":false,"_links":{"self":[{"href":"https:\/\/www.jornalja.com.br\/colunas\/wp-json\/wp\/v2\/pages\/81549","targetHints":{"allow":["GET"]}}],"collection":[{"href":"https:\/\/www.jornalja.com.br\/colunas\/wp-json\/wp\/v2\/pages"}],"about":[{"href":"https:\/\/www.jornalja.com.br\/colunas\/wp-json\/wp\/v2\/types\/page"}],"author":[{"embeddable":true,"href":"https:\/\/www.jornalja.com.br\/colunas\/wp-json\/wp\/v2\/users\/1"}],"replies":[{"embeddable":true,"href":"https:\/\/www.jornalja.com.br\/colunas\/wp-json\/wp\/v2\/comments?post=81549"}],"version-history":[{"count":12,"href":"https:\/\/www.jornalja.com.br\/colunas\/wp-json\/wp\/v2\/pages\/81549\/revisions"}],"predecessor-version":[{"id":84533,"href":"https:\/\/www.jornalja.com.br\/colunas\/wp-json\/wp\/v2\/pages\/81549\/revisions\/84533"}],"wp:attachment":[{"href":"https:\/\/www.jornalja.com.br\/colunas\/wp-json\/wp\/v2\/media?parent=81549"}],"curies":[{"name":"wp","href":"https:\/\/api.w.org\/{rel}","templated":true}]}}