{"id":250,"date":"2020-08-03T13:44:11","date_gmt":"2020-08-03T16:44:11","guid":{"rendered":"https:\/\/www.jornalja.com.br\/economics\/?page_id=250"},"modified":"2026-02-17T00:17:56","modified_gmt":"2026-02-17T03:17:56","slug":"home","status":"publish","type":"page","link":"https:\/\/www.jornalja.com.br\/economics\/","title":{"rendered":""},"content":{"rendered":"\n<div class=\"wp-block-columns alignwide is-layout-flex wp-container-core-columns-is-layout-28f84493 wp-block-columns-is-layout-flex\">\n<div class=\"wp-block-column is-layout-flow wp-block-column-is-layout-flow\" style=\"flex-basis:66.66%\">\n<div class=\"wp-block-query alignwide is-layout-flow wp-block-query-is-layout-flow\"><ul class=\"columns-3 wp-block-post-template is-layout-grid wp-container-core-post-template-is-layout-e102377b wp-block-post-template-is-layout-grid\"><li class=\"wp-block-post post-2038 post type-post status-publish format-standard has-post-thumbnail hentry category-sem-categoria\">\n<div class=\"wp-block-post-date\"><time datetime=\"2026-04-24T12:54:56-03:00\">24 de abril de 2026<\/time><\/div>\n\n<h3 class=\"wp-block-post-title\"><a href=\"https:\/\/www.jornalja.com.br\/economics\/minerais-criticos-como-controlar-da-mineracao-ao-refino\/\" target=\"_self\" >Minerais cr\u00edticos: como controlar da minera\u00e7\u00e3o ao refino<\/a><\/h3>\n<\/li><li class=\"wp-block-post post-2025 post type-post status-publish format-standard has-post-thumbnail hentry category-sem-categoria\">\n<div class=\"wp-block-post-date\"><time datetime=\"2026-04-17T17:53:44-03:00\">17 de abril de 2026<\/time><\/div>\n\n<h3 class=\"wp-block-post-title\"><a href=\"https:\/\/www.jornalja.com.br\/economics\/estreito-de-ormuz-esta-liberado-pelo-ira-e-um-acordo-volta-a-ser-discutido\/\" target=\"_self\" >Abertura do Estreito de Ormuz dura um dia e volta o controle rigoroso<\/a><\/h3>\n<\/li><li class=\"wp-block-post post-2012 post type-post status-publish format-standard has-post-thumbnail hentry category-sem-categoria\">\n<div class=\"wp-block-post-date\"><time datetime=\"2026-04-10T12:26:23-03:00\">10 de abril de 2026<\/time><\/div>\n\n<h3 class=\"wp-block-post-title\"><a href=\"https:\/\/www.jornalja.com.br\/economics\/controle-do-estreito-de-ormuz-e-a-arma-mais-poderosa-do-ira\/\" target=\"_self\" >Controle do Estreito de Ormuz \u00e9 a arma mais poderosa do Ir\u00e3<\/a><\/h3>\n<\/li><li class=\"wp-block-post post-2008 post type-post status-publish format-standard has-post-thumbnail hentry category-sem-categoria\">\n<div class=\"wp-block-post-date\"><time datetime=\"2026-04-03T12:22:22-03:00\">3 de abril de 2026<\/time><\/div>\n\n<h3 class=\"wp-block-post-title\"><a href=\"https:\/\/www.jornalja.com.br\/economics\/guerra-contra-ira-derruba-titulos-da-divida-dos-eua\/\" target=\"_self\" >Guerra contra Ir\u00e3 derruba t\u00edtulos da d\u00edvida dos EUA<\/a><\/h3>\n<\/li><li class=\"wp-block-post post-2005 post type-post status-publish format-standard has-post-thumbnail hentry category-sem-categoria\">\n<div class=\"wp-block-post-date\"><time datetime=\"2026-03-27T12:44:10-03:00\">27 de mar\u00e7o de 2026<\/time><\/div>\n\n<h3 class=\"wp-block-post-title\"><a href=\"https:\/\/www.jornalja.com.br\/economics\/guerra-no-oriente-medio-expoe-erros-na-venda-de-ativos-petrobras-parte-iii\/\" target=\"_self\" >Guerra no Oriente M\u00e9dio exp\u00f5e erros na venda de ativos Petrobras (Parte III)\u00a0<\/a><\/h3>\n<\/li><li class=\"wp-block-post post-1997 post type-post status-publish format-standard has-post-thumbnail hentry category-sem-categoria\">\n<div class=\"wp-block-post-date\"><time datetime=\"2026-03-20T10:26:15-03:00\">20 de mar\u00e7o de 2026<\/time><\/div>\n\n<h3 class=\"wp-block-post-title\"><a href=\"https:\/\/www.jornalja.com.br\/economics\/guerra-no-oriente-medio-expoe-erros-na-venda-de-ativos-petrobras-parte-ii\/\" target=\"_self\" >Guerra no Oriente M\u00e9dio exp\u00f5e erros na venda de ativos Petrobras (Parte II)\u00a0<\/a><\/h3>\n<\/li><li class=\"wp-block-post post-1990 post type-post status-publish format-standard has-post-thumbnail hentry category-sem-categoria\">\n<div class=\"wp-block-post-date\"><time datetime=\"2026-03-13T16:25:55-03:00\">13 de mar\u00e7o de 2026<\/time><\/div>\n\n<h3 class=\"wp-block-post-title\"><a href=\"https:\/\/www.jornalja.com.br\/economics\/guerra-no-oriente-medio-expoe-erros-na-venda-de-ativos-petrobras-parte-i\/\" target=\"_self\" >Guerra no Oriente M\u00e9dio exp\u00f5e erros na venda de ativos Petrobras (Parte I) \u00a0<\/a><\/h3>\n<\/li><li class=\"wp-block-post post-1983 post type-post status-publish format-standard hentry category-sem-categoria\">\n<div class=\"wp-block-post-date\"><time datetime=\"2026-03-06T18:54:53-03:00\">6 de mar\u00e7o de 2026<\/time><\/div>\n\n<h3 class=\"wp-block-post-title\"><a href=\"https:\/\/www.jornalja.com.br\/economics\/qual-o-pais-queremos-nos-proximos-anos\/\" target=\"_self\" >Qual o pa\u00eds queremos nos pr\u00f3ximos anos<\/a><\/h3>\n<\/li><li class=\"wp-block-post post-1954 post type-post status-publish format-standard has-post-thumbnail hentry category-sem-categoria\">\n<div class=\"wp-block-post-date\"><time datetime=\"2026-02-27T17:27:01-03:00\">27 de fevereiro de 2026<\/time><\/div>\n\n<h3 class=\"wp-block-post-title\"><a href=\"https:\/\/www.jornalja.com.br\/economics\/corrida-pelas-terras-raras-movimentam-economia-mundial\/\" target=\"_self\" >Corrida pelas terras raras movimenta economia mundial<\/a><\/h3>\n<\/li><li class=\"wp-block-post post-1943 post type-post status-publish format-standard has-post-thumbnail hentry category-sem-categoria\">\n<div class=\"wp-block-post-date\"><time datetime=\"2026-02-20T18:22:36-03:00\">20 de fevereiro de 2026<\/time><\/div>\n\n<h3 class=\"wp-block-post-title\"><a href=\"https:\/\/www.jornalja.com.br\/economics\/a-retomada-do-projeto-cais-maua-parte-ii\/\" target=\"_self\" >A retomada do projeto Cais Mau\u00e1  (Parte II)<\/a><\/h3>\n<\/li><li class=\"wp-block-post post-1899 post type-post status-publish format-standard has-post-thumbnail hentry category-sem-categoria\">\n<div class=\"wp-block-post-date\"><time datetime=\"2026-02-13T17:25:27-03:00\">13 de fevereiro de 2026<\/time><\/div>\n\n<h3 class=\"wp-block-post-title\"><a href=\"https:\/\/www.jornalja.com.br\/economics\/a-retomada-do-projeto-cais-maua-parte-1\/\" target=\"_self\" >A retomada do projeto Cais Mau\u00e1 (Parte I)<\/a><\/h3>\n<\/li><li class=\"wp-block-post post-1893 post type-post status-publish format-standard has-post-thumbnail hentry category-sem-categoria\">\n<div class=\"wp-block-post-date\"><time datetime=\"2026-02-06T15:13:51-03:00\">6 de fevereiro de 2026<\/time><\/div>\n\n<h3 class=\"wp-block-post-title\"><a href=\"https:\/\/www.jornalja.com.br\/economics\/governo-federal-libera-usina-do-gasometro-para-exploracao-privada\/\" target=\"_self\" >Governo federal libera Usina do Gas\u00f4metro para explora\u00e7\u00e3o privada<\/a><\/h3>\n<\/li><li class=\"wp-block-post post-1882 post type-post status-publish format-standard has-post-thumbnail hentry category-sem-categoria\">\n<div class=\"wp-block-post-date\"><time datetime=\"2026-01-30T17:42:49-03:00\">30 de janeiro de 2026<\/time><\/div>\n\n<h3 class=\"wp-block-post-title\"><a href=\"https:\/\/www.jornalja.com.br\/economics\/corrida-ao-ouro-pelos-bancos-centrais-atinge-o-dolar\/\" target=\"_self\" >Corrida ao ouro pelos bancos centrais atinge o d\u00f3lar<\/a><\/h3>\n<\/li><li class=\"wp-block-post post-1872 post type-post status-publish format-standard has-post-thumbnail hentry category-sem-categoria\">\n<div class=\"wp-block-post-date\"><time datetime=\"2026-01-22T13:25:09-03:00\">22 de janeiro de 2026<\/time><\/div>\n\n<h3 class=\"wp-block-post-title\"><a href=\"https:\/\/www.jornalja.com.br\/economics\/rio-grande-retoma-com-forca-polo-naval\/\" target=\"_self\" >Rio Grande retoma com for\u00e7a polo naval<\/a><\/h3>\n<\/li><li class=\"wp-block-post post-1865 post type-post status-publish format-standard has-post-thumbnail hentry category-sem-categoria\">\n<div class=\"wp-block-post-date\"><time datetime=\"2026-01-16T15:46:07-03:00\">16 de janeiro de 2026<\/time><\/div>\n\n<h3 class=\"wp-block-post-title\"><a href=\"https:\/\/www.jornalja.com.br\/economics\/controle-do-petroleo-da-venezuela-permanece-incerto\/\" target=\"_self\" >Controle do petr\u00f3leo da Venezuela permanece incerto<\/a><\/h3>\n<\/li><li class=\"wp-block-post post-1860 post type-post status-publish format-standard has-post-thumbnail hentry category-sem-categoria\">\n<div class=\"wp-block-post-date\"><time datetime=\"2026-01-09T20:53:17-03:00\">9 de janeiro de 2026<\/time><\/div>\n\n<h3 class=\"wp-block-post-title\"><a href=\"https:\/\/www.jornalja.com.br\/economics\/acordo-de-livre-comercio-mercosul-e-uniao-europeia-reflete-diferencas-estruturais-profundas\/\" target=\"_self\" >Acordo de livre com\u00e9rcio Mercosul e Uni\u00e3o Europeia reflete diferen\u00e7as estruturais profundas<\/a><\/h3>\n<\/li><li class=\"wp-block-post post-1856 post type-post status-publish format-standard has-post-thumbnail hentry category-sem-categoria\">\n<div class=\"wp-block-post-date\"><time datetime=\"2025-12-19T18:44:08-03:00\">19 de dezembro de 2025<\/time><\/div>\n\n<h3 class=\"wp-block-post-title\"><a href=\"https:\/\/www.jornalja.com.br\/economics\/china-comecara-fornecer-acesso-a-internet-em-areas-remotas-do-brasil\/\" target=\"_self\" >China come\u00e7ar\u00e1 fornecer acesso \u00e0  internet em \u00e1reas remotas do Brasil<\/a><\/h3>\n<\/li><li class=\"wp-block-post post-1853 post type-post status-publish format-standard has-post-thumbnail hentry category-sem-categoria\">\n<div class=\"wp-block-post-date\"><time datetime=\"2025-12-12T18:23:13-03:00\">12 de dezembro de 2025<\/time><\/div>\n\n<h3 class=\"wp-block-post-title\"><a href=\"https:\/\/www.jornalja.com.br\/economics\/america-latina-as-voltas-com-a-politica-do-grande-porrete\/\" target=\"_self\" >Am\u00e9rica Latina \u00e0s voltas com a Pol\u00edtica do Grande Porrete<\/a><\/h3>\n<\/li><\/ul>\n\n\n<div class=\"wp-block-group has-global-padding is-layout-constrained wp-block-group-is-layout-constrained\" style=\"margin-top:var(--wp--preset--spacing--50)\"><nav class=\"wp-block-query-pagination is-content-justification-space-between is-layout-flex wp-container-core-query-pagination-is-layout-b2891da8 wp-block-query-pagination-is-layout-flex\" aria-label=\"Pagina\u00e7\u00e3o\">\n\n\n<div style=\"letter-spacing:12px;\" class=\"wp-block-query-pagination-numbers has-large-font-size\"><span aria-current=\"page\" class=\"page-numbers current\">1<\/span>\n<a class=\"page-numbers\" href=\"?query-0-page=2\">2<\/a>\n<a class=\"page-numbers\" href=\"?query-0-page=3\">3<\/a>\n<span class=\"page-numbers dots\">&hellip;<\/span>\n<a class=\"page-numbers\" href=\"?query-0-page=18\">18<\/a><\/div>\n\n<a href=\"\/economics\/wp-json\/wp\/v2\/pages\/250?query-0-page=2\" class=\"wp-block-query-pagination-next\">Pr\u00f3xima p\u00e1gina<span class='wp-block-query-pagination-next-arrow is-arrow-arrow' aria-hidden='true'>\u2192<\/span><\/a>\n<\/nav>\n\n<\/div>\n<\/div>\n<\/div>\n\n\n\n<div class=\"wp-block-column is-layout-flow wp-block-column-is-layout-flow\" style=\"flex-basis:33.33%\">\n<div class=\"wp-block-group is-style-section-3 has-global-padding is-layout-constrained wp-container-core-group-is-layout-6cf6249f wp-block-group-is-layout-constrained is-style-section-3--1\" style=\"padding-top:2rem;padding-right:2rem;padding-bottom:2rem;padding-left:2rem\">\n<figure class=\"wp-block-image aligncenter size-full\"><img decoding=\"async\" width=\"218\" height=\"313\" src=\"https:\/\/www.jornalja.com.br\/economics\/wp-content\/uploads\/sites\/11\/2020\/03\/Lagranha_corte-1.jpg\" alt=\"\" class=\"wp-image-26\" srcset=\"https:\/\/www.jornalja.com.br\/economics\/wp-content\/uploads\/sites\/11\/2020\/03\/Lagranha_corte-1.jpg 218w, https:\/\/www.jornalja.com.br\/economics\/wp-content\/uploads\/sites\/11\/2020\/03\/Lagranha_corte-1-209x300.jpg 209w\" sizes=\"(max-width: 218px) 100vw, 218px\" \/><\/figure>\n\n\n\n<p class=\"has-text-align-center\"><strong>Sergio Lagranha <\/strong><br>\u00e9 jornalista formado pela PUCRS, com P\u00f3s-Gradua\u00e7\u00e3o em Economia Empresarial pela UFRGS.<\/p>\n<\/div>\n<\/div>\n<\/div>\n","protected":false},"excerpt":{"rendered":"<p>Sergio Lagranha \u00e9 jornalista formado pela PUCRS, com P\u00f3s-Gradua\u00e7\u00e3o em Economia Empresarial pela UFRGS.<\/p>\n","protected":false},"author":1,"featured_media":53,"parent":0,"menu_order":0,"comment_status":"closed","ping_status":"closed","template":"","meta":{"jetpack_post_was_ever_published":false,"footnotes":""},"class_list":["post-250","page","type-page","status-publish","has-post-thumbnail","hentry"],"aioseo_notices":[],"jetpack-related-posts":[],"jetpack_shortlink":"https:\/\/wp.me\/PbMbUF-42","jetpack_sharing_enabled":true,"_links":{"self":[{"href":"https:\/\/www.jornalja.com.br\/economics\/wp-json\/wp\/v2\/pages\/250","targetHints":{"allow":["GET"]}}],"collection":[{"href":"https:\/\/www.jornalja.com.br\/economics\/wp-json\/wp\/v2\/pages"}],"about":[{"href":"https:\/\/www.jornalja.com.br\/economics\/wp-json\/wp\/v2\/types\/page"}],"author":[{"embeddable":true,"href":"https:\/\/www.jornalja.com.br\/economics\/wp-json\/wp\/v2\/users\/1"}],"replies":[{"embeddable":true,"href":"https:\/\/www.jornalja.com.br\/economics\/wp-json\/wp\/v2\/comments?post=250"}],"version-history":[{"count":10,"href":"https:\/\/www.jornalja.com.br\/economics\/wp-json\/wp\/v2\/pages\/250\/revisions"}],"predecessor-version":[{"id":1924,"href":"https:\/\/www.jornalja.com.br\/economics\/wp-json\/wp\/v2\/pages\/250\/revisions\/1924"}],"wp:featuredmedia":[{"embeddable":true,"href":"https:\/\/www.jornalja.com.br\/economics\/wp-json\/wp\/v2\/media\/53"}],"wp:attachment":[{"href":"https:\/\/www.jornalja.com.br\/economics\/wp-json\/wp\/v2\/media?parent=250"}],"curies":[{"name":"wp","href":"https:\/\/api.w.org\/{rel}","templated":true}]}}