{"id":79018,"date":"2020-12-29T13:55:19","date_gmt":"2020-12-29T16:55:19","guid":{"rendered":"https:\/\/www.jornalja.com.br\/especiais\/?page_id=79018"},"modified":"2026-02-19T01:11:35","modified_gmt":"2026-02-19T04:11:35","slug":"jornal-especial-cais-maua","status":"publish","type":"page","link":"https:\/\/www.jornalja.com.br\/especiais\/principal\/cais-maua\/jornal-especial-cais-maua\/","title":{"rendered":"Jornal ESPECIAL Cais Mau\u00e1 (IMPRESSO)"},"content":{"rendered":"\n<p><style>.post-thumbnail { display: none; }<\/style><\/p>\n\n\n\n<p>Para comprar esta edi\u00e7\u00e3o impressa em papel <a href=\"https:\/\/loja.jornalja.com.br\/produto\/jornal-ja-edicao-especial-cais-maua\/\" target=\"_blank\" rel=\"noopener\">clique aqui<\/a>.<\/p>\n\n\n\n<p>Para acessar o especial <strong>Dossi\u00ea Cais Mau\u00e1<\/strong> <a href=\"https:\/\/www.jornalja.com.br\/especiais\/principal\/cais-maua\/caismaua\/\" target=\"_blank\" rel=\"noopener\">clique aqui<\/a>.<\/p>\n\n\n\n<p>Para acessar o especial <strong>Cais Mau\u00e1 Urgente<\/strong> <a href=\"https:\/\/www.jornalja.com.br\/especiais\/principal\/cais-maua\/cais-maua-urgente\/\" target=\"_blank\" rel=\"noopener\">clique aqui<\/a>.<\/p>\n\n\n\n<div data-wp-interactive=\"core\/file\" class=\"wp-block-file\"><object data-wp-bind--hidden=\"!state.hasPdfPreview\" hidden class=\"wp-block-file__embed\" data=\"https:\/\/www.jornalja.com.br\/especiais\/wp-content\/uploads\/sites\/14\/2020\/12\/ja-especial-cais-maua-pg01a16-web.pdf\" type=\"application\/pdf\" style=\"width:100%;height:710px\" aria-label=\"Incorporado de JA_ESPECIAL-Cais_Maua_pg01a16_web.\"><\/object><a id=\"wp-block-file--media-5799e26c-0809-43bc-80ab-ec02fb7582ff\" href=\"https:\/\/www.jornalja.com.br\/especiais\/wp-content\/uploads\/sites\/14\/2020\/12\/ja-especial-cais-maua-pg01a16-web.pdf\">JA_ESPECIAL-Cais_Maua_pg01a16_web<\/a><\/div>\n\n\n\n<p>Para comprar esta edi\u00e7\u00e3o impressa em papel <a href=\"https:\/\/loja.jornalja.com.br\/produto\/jornal-ja-edicao-especial-cais-maua\/\" target=\"_blank\" rel=\"noopener\">clique aqui<\/a>.<\/p>\n\n\n\n<p>Para acessar o especial <strong>Dossi\u00ea Cais Mau\u00e1<\/strong> <a href=\"https:\/\/www.jornalja.com.br\/especiais\/principal\/cais-maua\/caismaua\/\" target=\"_blank\" rel=\"noopener\">clique aqui<\/a>.<\/p>\n\n\n\n<p>Para acessar o especial <strong>Cais Mau\u00e1 Urgente<\/strong> <a href=\"https:\/\/www.jornalja.com.br\/especiais\/principal\/cais-maua\/cais-maua-urgente\/\" target=\"_blank\" rel=\"noopener\">clique aqui<\/a>.<\/p>\n","protected":false},"excerpt":{"rendered":"<p>Para comprar esta edi\u00e7\u00e3o impressa em papel clique aqui. Para acessar o especial Dossi\u00ea Cais Mau\u00e1 clique aqui. Para acessar o especial Cais Mau\u00e1 Urgente clique aqui. Para comprar esta edi\u00e7\u00e3o impressa em papel clique aqui. Para acessar o especial Dossi\u00ea Cais Mau\u00e1 clique aqui. Para acessar o especial Cais Mau\u00e1 Urgente clique aqui.<\/p>\n","protected":false},"author":1,"featured_media":79396,"parent":79319,"menu_order":3,"comment_status":"closed","ping_status":"closed","template":"p-gina-sem-foto","meta":{"footnotes":""},"class_list":["post-79018","page","type-page","status-publish","has-post-thumbnail","hentry"],"aioseo_notices":[],"jetpack_sharing_enabled":true,"_links":{"self":[{"href":"https:\/\/www.jornalja.com.br\/especiais\/wp-json\/wp\/v2\/pages\/79018","targetHints":{"allow":["GET"]}}],"collection":[{"href":"https:\/\/www.jornalja.com.br\/especiais\/wp-json\/wp\/v2\/pages"}],"about":[{"href":"https:\/\/www.jornalja.com.br\/especiais\/wp-json\/wp\/v2\/types\/page"}],"author":[{"embeddable":true,"href":"https:\/\/www.jornalja.com.br\/especiais\/wp-json\/wp\/v2\/users\/1"}],"replies":[{"embeddable":true,"href":"https:\/\/www.jornalja.com.br\/especiais\/wp-json\/wp\/v2\/comments?post=79018"}],"version-history":[{"count":8,"href":"https:\/\/www.jornalja.com.br\/especiais\/wp-json\/wp\/v2\/pages\/79018\/revisions"}],"predecessor-version":[{"id":79585,"href":"https:\/\/www.jornalja.com.br\/especiais\/wp-json\/wp\/v2\/pages\/79018\/revisions\/79585"}],"up":[{"embeddable":true,"href":"https:\/\/www.jornalja.com.br\/especiais\/wp-json\/wp\/v2\/pages\/79319"}],"wp:featuredmedia":[{"embeddable":true,"href":"https:\/\/www.jornalja.com.br\/especiais\/wp-json\/wp\/v2\/media\/79396"}],"wp:attachment":[{"href":"https:\/\/www.jornalja.com.br\/especiais\/wp-json\/wp\/v2\/media?parent=79018"}],"curies":[{"name":"wp","href":"https:\/\/api.w.org\/{rel}","templated":true}]}}