{"id":12,"date":"2020-08-03T13:07:34","date_gmt":"2020-08-03T16:07:34","guid":{"rendered":"https:\/\/www.jornalja.com.br\/publireportagem\/?page_id=12"},"modified":"2025-03-08T01:00:53","modified_gmt":"2025-03-08T04:00:53","slug":"home","status":"publish","type":"page","link":"https:\/\/www.jornalja.com.br\/site\/","title":{"rendered":""},"content":{"rendered":"\n<div class=\"wp-block-query is-layout-flow wp-block-query-is-layout-flow\"><ul class=\"columns-3 wp-block-post-template is-layout-grid wp-container-core-post-template-is-layout-3b1dc3ce wp-block-post-template-is-layout-grid\"><li class=\"wp-block-post post-3559 post type-post status-publish format-standard has-post-thumbnail hentry category-daredacao\">\n<figure class=\"alignwide wp-block-post-featured-image\"><a href=\"https:\/\/www.jornalja.com.br\/site\/pocket-option-vs-outras-plataformas-de-trading-qual-e-o-melhor-lugar-para-comecar\/\" target=\"_self\"  ><img decoding=\"async\" width=\"1200\" height=\"660\" src=\"https:\/\/www.jornalja.com.br\/site\/wp-content\/uploads\/sites\/15\/2026\/01\/imagem1-1200x660.jpg\" class=\"attachment-post-thumbnail size-post-thumbnail wp-post-image\" alt=\"Pocket Option vs. outras plataformas de trading: qual \u00e9 o melhor lugar para come\u00e7ar?\" style=\"object-fit:cover;\" srcset=\"https:\/\/www.jornalja.com.br\/site\/wp-content\/uploads\/sites\/15\/2026\/01\/imagem1-1200x660.jpg 1200w, https:\/\/www.jornalja.com.br\/site\/wp-content\/uploads\/sites\/15\/2026\/01\/imagem1-300x165.jpg 300w, https:\/\/www.jornalja.com.br\/site\/wp-content\/uploads\/sites\/15\/2026\/01\/imagem1-1024x563.jpg 1024w, https:\/\/www.jornalja.com.br\/site\/wp-content\/uploads\/sites\/15\/2026\/01\/imagem1-768x422.jpg 768w, https:\/\/www.jornalja.com.br\/site\/wp-content\/uploads\/sites\/15\/2026\/01\/imagem1.jpg 1220w\" sizes=\"(max-width: 1200px) 100vw, 1200px\" data-attachment-id=\"3561\" data-permalink=\"https:\/\/www.jornalja.com.br\/site\/pocket-option-vs-outras-plataformas-de-trading-qual-e-o-melhor-lugar-para-comecar\/imagem1-4\/\" data-orig-file=\"https:\/\/www.jornalja.com.br\/site\/wp-content\/uploads\/sites\/15\/2026\/01\/imagem1.jpg\" data-orig-size=\"1220,671\" data-comments-opened=\"0\" data-image-meta=\"{&quot;aperture&quot;:&quot;0&quot;,&quot;credit&quot;:&quot;&quot;,&quot;camera&quot;:&quot;&quot;,&quot;caption&quot;:&quot;&quot;,&quot;created_timestamp&quot;:&quot;0&quot;,&quot;copyright&quot;:&quot;&quot;,&quot;focal_length&quot;:&quot;0&quot;,&quot;iso&quot;:&quot;0&quot;,&quot;shutter_speed&quot;:&quot;0&quot;,&quot;title&quot;:&quot;&quot;,&quot;orientation&quot;:&quot;0&quot;}\" data-image-title=\"imagem1\" data-image-description=\"\" data-image-caption=\"\" data-large-file=\"https:\/\/www.jornalja.com.br\/site\/wp-content\/uploads\/sites\/15\/2026\/01\/imagem1-1024x563.jpg\" \/><\/a><\/figure>\n\n<h2 class=\"wp-block-post-title\"><a href=\"https:\/\/www.jornalja.com.br\/site\/pocket-option-vs-outras-plataformas-de-trading-qual-e-o-melhor-lugar-para-comecar\/\" target=\"_self\" >Pocket Option vs. outras plataformas de trading: qual \u00e9 o melhor lugar para come\u00e7ar?<\/a><\/h2>\n\n\n<hr class=\"wp-block-separator has-css-opacity\"\/>\n\n\n<div class=\"wp-block-post-date\"><time datetime=\"2026-01-26T23:23:36-03:00\">26 de janeiro de 2026<\/time><\/div>\n<\/li><li class=\"wp-block-post post-3391 post type-post status-publish format-standard has-post-thumbnail hentry category-daredacao\">\n<figure class=\"alignwide wp-block-post-featured-image\"><a href=\"https:\/\/www.jornalja.com.br\/site\/pesquisa-indica-jogos-que-impulsionam-o-mercado-de-cassino-online-no-brasil\/\" target=\"_self\"  ><img decoding=\"async\" width=\"450\" height=\"253\" src=\"https:\/\/www.jornalja.com.br\/site\/wp-content\/uploads\/sites\/15\/2025\/09\/pesquisa-indica-jogos-que-impulsionam-o-mercado-de-1595257.jpg\" class=\"attachment-post-thumbnail size-post-thumbnail wp-post-image\" alt=\"Pesquisa indica jogos que impulsionam o mercado de cassino online no Brasil\" style=\"object-fit:cover;\" srcset=\"https:\/\/www.jornalja.com.br\/site\/wp-content\/uploads\/sites\/15\/2025\/09\/pesquisa-indica-jogos-que-impulsionam-o-mercado-de-1595257.jpg 450w, https:\/\/www.jornalja.com.br\/site\/wp-content\/uploads\/sites\/15\/2025\/09\/pesquisa-indica-jogos-que-impulsionam-o-mercado-de-1595257-300x169.jpg 300w\" sizes=\"(max-width: 450px) 100vw, 450px\" data-attachment-id=\"3392\" data-permalink=\"https:\/\/www.jornalja.com.br\/site\/pesquisa-indica-jogos-que-impulsionam-o-mercado-de-cassino-online-no-brasil\/pesquisa-indica-jogos-que-impulsionam-o-mercado-de_1595257\/\" data-orig-file=\"https:\/\/www.jornalja.com.br\/site\/wp-content\/uploads\/sites\/15\/2025\/09\/pesquisa-indica-jogos-que-impulsionam-o-mercado-de-1595257.jpg\" data-orig-size=\"450,253\" data-comments-opened=\"0\" data-image-meta=\"{&quot;aperture&quot;:&quot;0&quot;,&quot;credit&quot;:&quot;&quot;,&quot;camera&quot;:&quot;&quot;,&quot;caption&quot;:&quot;&quot;,&quot;created_timestamp&quot;:&quot;0&quot;,&quot;copyright&quot;:&quot;&quot;,&quot;focal_length&quot;:&quot;0&quot;,&quot;iso&quot;:&quot;0&quot;,&quot;shutter_speed&quot;:&quot;0&quot;,&quot;title&quot;:&quot;&quot;,&quot;orientation&quot;:&quot;0&quot;}\" data-image-title=\"Pesquisa-indica-jogos-que-impulsionam-o-mercado-de_1595257\" data-image-description=\"\" data-image-caption=\"\" data-large-file=\"https:\/\/www.jornalja.com.br\/site\/wp-content\/uploads\/sites\/15\/2025\/09\/pesquisa-indica-jogos-que-impulsionam-o-mercado-de-1595257.jpg\" \/><\/a><\/figure>\n\n<h2 class=\"wp-block-post-title\"><a href=\"https:\/\/www.jornalja.com.br\/site\/pesquisa-indica-jogos-que-impulsionam-o-mercado-de-cassino-online-no-brasil\/\" target=\"_self\" >Pesquisa indica jogos que impulsionam o mercado de cassino online no Brasil<\/a><\/h2>\n\n\n<hr class=\"wp-block-separator has-css-opacity\"\/>\n\n\n<div class=\"wp-block-post-date\"><time datetime=\"2025-09-26T15:35:47-03:00\">26 de setembro de 2025<\/time><\/div>\n<\/li><li class=\"wp-block-post post-3364 post type-post status-publish format-standard has-post-thumbnail hentry category-daredacao\">\n<figure class=\"alignwide wp-block-post-featured-image\"><a href=\"https:\/\/www.jornalja.com.br\/site\/como-e-onde-surgiu-o-primeiro-cassino-do-mundo\/\" target=\"_self\"  ><img decoding=\"async\" width=\"1000\" height=\"667\" src=\"https:\/\/www.jornalja.com.br\/site\/wp-content\/uploads\/sites\/15\/2025\/09\/como-e-onde-surgiu.jpg\" class=\"attachment-post-thumbnail size-post-thumbnail wp-post-image\" alt=\"Como e onde surgiu o primeiro cassino do mundo?\" style=\"object-fit:cover;\" srcset=\"https:\/\/www.jornalja.com.br\/site\/wp-content\/uploads\/sites\/15\/2025\/09\/como-e-onde-surgiu.jpg 1000w, https:\/\/www.jornalja.com.br\/site\/wp-content\/uploads\/sites\/15\/2025\/09\/como-e-onde-surgiu-300x200.jpg 300w, https:\/\/www.jornalja.com.br\/site\/wp-content\/uploads\/sites\/15\/2025\/09\/como-e-onde-surgiu-768x512.jpg 768w\" sizes=\"(max-width: 1000px) 100vw, 1000px\" data-attachment-id=\"3366\" data-permalink=\"https:\/\/www.jornalja.com.br\/site\/como-e-onde-surgiu-o-primeiro-cassino-do-mundo\/como_e_onde_surgiu\/\" data-orig-file=\"https:\/\/www.jornalja.com.br\/site\/wp-content\/uploads\/sites\/15\/2025\/09\/como-e-onde-surgiu.jpg\" data-orig-size=\"1000,667\" data-comments-opened=\"0\" data-image-meta=\"{&quot;aperture&quot;:&quot;0&quot;,&quot;credit&quot;:&quot;&quot;,&quot;camera&quot;:&quot;&quot;,&quot;caption&quot;:&quot;&quot;,&quot;created_timestamp&quot;:&quot;0&quot;,&quot;copyright&quot;:&quot;&quot;,&quot;focal_length&quot;:&quot;0&quot;,&quot;iso&quot;:&quot;0&quot;,&quot;shutter_speed&quot;:&quot;0&quot;,&quot;title&quot;:&quot;&quot;,&quot;orientation&quot;:&quot;0&quot;}\" data-image-title=\"Como_e_onde_surgiu\" data-image-description=\"\" data-image-caption=\"\" data-large-file=\"https:\/\/www.jornalja.com.br\/site\/wp-content\/uploads\/sites\/15\/2025\/09\/como-e-onde-surgiu.jpg\" \/><\/a><\/figure>\n\n<h2 class=\"wp-block-post-title\"><a href=\"https:\/\/www.jornalja.com.br\/site\/como-e-onde-surgiu-o-primeiro-cassino-do-mundo\/\" target=\"_self\" >Como e onde surgiu o primeiro cassino do mundo?<\/a><\/h2>\n\n\n<hr class=\"wp-block-separator has-css-opacity\"\/>\n\n\n<div class=\"wp-block-post-date\"><time datetime=\"2025-09-05T17:18:22-03:00\">5 de setembro de 2025<\/time><\/div>\n<\/li><li class=\"wp-block-post post-3000 post type-post status-publish format-standard hentry category-daredacao\">\n\n\n<h2 class=\"wp-block-post-title\"><a href=\"https:\/\/www.jornalja.com.br\/site\/onde-morar-em-porto-alegre-bairros-com-melhor-qualidade-de-vida\/\" target=\"_self\" >Onde Morar em Porto Alegre? Bairros com Melhor Qualidade de Vida<\/a><\/h2>\n\n\n<hr class=\"wp-block-separator has-css-opacity\"\/>\n\n\n<div class=\"wp-block-post-date\"><time datetime=\"2024-11-04T18:08:07-03:00\">4 de novembro de 2024<\/time><\/div>\n<\/li><li class=\"wp-block-post post-1755 post type-post status-publish format-standard has-post-thumbnail hentry category-daredacao\">\n<figure class=\"alignwide wp-block-post-featured-image\"><a href=\"https:\/\/www.jornalja.com.br\/site\/cassino-nossa-aposta-jogar-a-dinheiro-real-metodos-de-pagamento\/\" target=\"_self\"  ><img decoding=\"async\" width=\"600\" height=\"300\" src=\"https:\/\/www.jornalja.com.br\/site\/wp-content\/uploads\/sites\/15\/2022\/09\/foto01destaque.jpeg\" class=\"attachment-post-thumbnail size-post-thumbnail wp-post-image\" alt=\"Cassino Nossa Aposta: jogar a dinheiro real, m\u00e9todos de pagamento\" style=\"object-fit:cover;\" srcset=\"https:\/\/www.jornalja.com.br\/site\/wp-content\/uploads\/sites\/15\/2022\/09\/foto01destaque.jpeg 600w, https:\/\/www.jornalja.com.br\/site\/wp-content\/uploads\/sites\/15\/2022\/09\/foto01destaque-300x150.jpeg 300w\" sizes=\"(max-width: 600px) 100vw, 600px\" data-attachment-id=\"1757\" data-permalink=\"https:\/\/www.jornalja.com.br\/site\/cassino-nossa-aposta-jogar-a-dinheiro-real-metodos-de-pagamento\/foto01destaque\/\" data-orig-file=\"https:\/\/www.jornalja.com.br\/site\/wp-content\/uploads\/sites\/15\/2022\/09\/foto01destaque.jpeg\" data-orig-size=\"600,300\" data-comments-opened=\"1\" data-image-meta=\"{&quot;aperture&quot;:&quot;0&quot;,&quot;credit&quot;:&quot;&quot;,&quot;camera&quot;:&quot;&quot;,&quot;caption&quot;:&quot;&quot;,&quot;created_timestamp&quot;:&quot;0&quot;,&quot;copyright&quot;:&quot;&quot;,&quot;focal_length&quot;:&quot;0&quot;,&quot;iso&quot;:&quot;0&quot;,&quot;shutter_speed&quot;:&quot;0&quot;,&quot;title&quot;:&quot;&quot;,&quot;orientation&quot;:&quot;0&quot;}\" data-image-title=\"Foto01destaque\" data-image-description=\"\" data-image-caption=\"&lt;p&gt;Foto: Divulga\u00e7\u00e3o&lt;\/p&gt;\n\" data-large-file=\"https:\/\/www.jornalja.com.br\/site\/wp-content\/uploads\/sites\/15\/2022\/09\/foto01destaque.jpeg\" \/><\/a><\/figure>\n\n<h2 class=\"wp-block-post-title\"><a href=\"https:\/\/www.jornalja.com.br\/site\/cassino-nossa-aposta-jogar-a-dinheiro-real-metodos-de-pagamento\/\" target=\"_self\" >Cassino Nossa Aposta: jogar a dinheiro real, m\u00e9todos de pagamento<\/a><\/h2>\n\n\n<hr class=\"wp-block-separator has-css-opacity\"\/>\n\n\n<div class=\"wp-block-post-date\"><time datetime=\"2022-09-17T02:16:32-03:00\">17 de setembro de 2022<\/time><\/div>\n<\/li><li class=\"wp-block-post post-1660 post type-post status-publish format-standard has-post-thumbnail hentry category-daredacao\">\n<figure class=\"alignwide wp-block-post-featured-image\"><a href=\"https:\/\/www.jornalja.com.br\/site\/6-dicas-sobre-como-ser-aprovado-no-cartao-de-credito-neon\/\" target=\"_self\"  ><img decoding=\"async\" width=\"1200\" height=\"675\" src=\"https:\/\/www.jornalja.com.br\/site\/wp-content\/uploads\/sites\/15\/2022\/06\/maxresdefault-1200x675.jpg\" class=\"attachment-post-thumbnail size-post-thumbnail wp-post-image\" alt=\"6 dicas sobre como ser aprovado no cart\u00e3o de cr\u00e9dito Neon\" style=\"object-fit:cover;\" srcset=\"https:\/\/www.jornalja.com.br\/site\/wp-content\/uploads\/sites\/15\/2022\/06\/maxresdefault-1200x675.jpg 1200w, https:\/\/www.jornalja.com.br\/site\/wp-content\/uploads\/sites\/15\/2022\/06\/maxresdefault-300x169.jpg 300w, https:\/\/www.jornalja.com.br\/site\/wp-content\/uploads\/sites\/15\/2022\/06\/maxresdefault-1024x576.jpg 1024w, https:\/\/www.jornalja.com.br\/site\/wp-content\/uploads\/sites\/15\/2022\/06\/maxresdefault-768x432.jpg 768w, https:\/\/www.jornalja.com.br\/site\/wp-content\/uploads\/sites\/15\/2022\/06\/maxresdefault.jpg 1280w\" sizes=\"(max-width: 1200px) 100vw, 1200px\" data-attachment-id=\"1669\" data-permalink=\"https:\/\/www.jornalja.com.br\/site\/6-dicas-sobre-como-ser-aprovado-no-cartao-de-credito-neon\/maxresdefault\/\" data-orig-file=\"https:\/\/www.jornalja.com.br\/site\/wp-content\/uploads\/sites\/15\/2022\/06\/maxresdefault.jpg\" data-orig-size=\"1280,720\" data-comments-opened=\"1\" data-image-meta=\"{&quot;aperture&quot;:&quot;0&quot;,&quot;credit&quot;:&quot;&quot;,&quot;camera&quot;:&quot;&quot;,&quot;caption&quot;:&quot;&quot;,&quot;created_timestamp&quot;:&quot;0&quot;,&quot;copyright&quot;:&quot;&quot;,&quot;focal_length&quot;:&quot;0&quot;,&quot;iso&quot;:&quot;0&quot;,&quot;shutter_speed&quot;:&quot;0&quot;,&quot;title&quot;:&quot;&quot;,&quot;orientation&quot;:&quot;0&quot;}\" data-image-title=\"maxresdefault\" data-image-description=\"\" data-image-caption=\"&lt;p&gt;Foto: Divulga\u00e7\u00e3o&lt;\/p&gt;\n\" data-large-file=\"https:\/\/www.jornalja.com.br\/site\/wp-content\/uploads\/sites\/15\/2022\/06\/maxresdefault-1024x576.jpg\" \/><\/a><\/figure>\n\n<h2 class=\"wp-block-post-title\"><a href=\"https:\/\/www.jornalja.com.br\/site\/6-dicas-sobre-como-ser-aprovado-no-cartao-de-credito-neon\/\" target=\"_self\" >6 dicas sobre como ser aprovado no cart\u00e3o de cr\u00e9dito Neon<\/a><\/h2>\n\n\n<hr class=\"wp-block-separator has-css-opacity\"\/>\n\n\n<div class=\"wp-block-post-date\"><time datetime=\"2022-06-01T21:26:58-03:00\">1 de junho de 2022<\/time><\/div>\n<\/li><li class=\"wp-block-post post-1630 post type-post status-publish format-standard has-post-thumbnail hentry category-daredacao\">\n<figure class=\"alignwide wp-block-post-featured-image\"><a href=\"https:\/\/www.jornalja.com.br\/site\/projeto-bau-de-historias-reforca-a-importancia-da-leitura-para-120-criancas-em-guaiba-rs\/\" target=\"_self\"  ><img decoding=\"async\" width=\"1200\" height=\"536\" src=\"https:\/\/www.jornalja.com.br\/site\/wp-content\/uploads\/sites\/15\/2022\/05\/foto01-1200x536.jpg\" class=\"attachment-post-thumbnail size-post-thumbnail wp-post-image\" alt=\"Projeto \u201cBa\u00fa de Hist\u00f3rias\u201d refor\u00e7a a import\u00e2ncia da leitura para 120 crian\u00e7as em Gua\u00edba (RS)\" style=\"object-fit:cover;\" srcset=\"https:\/\/www.jornalja.com.br\/site\/wp-content\/uploads\/sites\/15\/2022\/05\/foto01-1200x536.jpg 1200w, https:\/\/www.jornalja.com.br\/site\/wp-content\/uploads\/sites\/15\/2022\/05\/foto01-300x134.jpg 300w, https:\/\/www.jornalja.com.br\/site\/wp-content\/uploads\/sites\/15\/2022\/05\/foto01-1024x457.jpg 1024w, https:\/\/www.jornalja.com.br\/site\/wp-content\/uploads\/sites\/15\/2022\/05\/foto01-768x343.jpg 768w, https:\/\/www.jornalja.com.br\/site\/wp-content\/uploads\/sites\/15\/2022\/05\/foto01-1536x685.jpg 1536w, https:\/\/www.jornalja.com.br\/site\/wp-content\/uploads\/sites\/15\/2022\/05\/foto01.jpg 1600w\" sizes=\"(max-width: 1200px) 100vw, 1200px\" data-attachment-id=\"1631\" data-permalink=\"https:\/\/www.jornalja.com.br\/site\/projeto-bau-de-historias-reforca-a-importancia-da-leitura-para-120-criancas-em-guaiba-rs\/foto01\/\" data-orig-file=\"https:\/\/www.jornalja.com.br\/site\/wp-content\/uploads\/sites\/15\/2022\/05\/foto01.jpg\" data-orig-size=\"1600,714\" data-comments-opened=\"1\" data-image-meta=\"{&quot;aperture&quot;:&quot;0&quot;,&quot;credit&quot;:&quot;&quot;,&quot;camera&quot;:&quot;&quot;,&quot;caption&quot;:&quot;&quot;,&quot;created_timestamp&quot;:&quot;0&quot;,&quot;copyright&quot;:&quot;&quot;,&quot;focal_length&quot;:&quot;0&quot;,&quot;iso&quot;:&quot;0&quot;,&quot;shutter_speed&quot;:&quot;0&quot;,&quot;title&quot;:&quot;&quot;,&quot;orientation&quot;:&quot;0&quot;}\" data-image-title=\"foto01\" data-image-description=\"\" data-image-caption=\"&lt;p&gt;\u201cBa\u00fa de Hist\u00f3rias\u201d beneficia 120 crian\u00e7as em Gua\u00edba com conta\u00e7\u00e3o de hist\u00f3rias e bibliotecas m\u00f3veis | Cr\u00e9dito: Gabi Salsicha\/Divulga\u00e7\u00e3o&lt;\/p&gt;\n\" data-large-file=\"https:\/\/www.jornalja.com.br\/site\/wp-content\/uploads\/sites\/15\/2022\/05\/foto01-1024x457.jpg\" \/><\/a><\/figure>\n\n<h2 class=\"wp-block-post-title\"><a href=\"https:\/\/www.jornalja.com.br\/site\/projeto-bau-de-historias-reforca-a-importancia-da-leitura-para-120-criancas-em-guaiba-rs\/\" target=\"_self\" >Projeto \u201cBa\u00fa de Hist\u00f3rias\u201d refor\u00e7a a import\u00e2ncia da leitura para 120 crian\u00e7as em Gua\u00edba (RS)<\/a><\/h2>\n\n\n<hr class=\"wp-block-separator has-css-opacity\"\/>\n\n\n<div class=\"wp-block-post-date\"><time datetime=\"2022-05-11T14:49:29-03:00\">11 de maio de 2022<\/time><\/div>\n<\/li><li class=\"wp-block-post post-1589 post type-post status-publish format-standard has-post-thumbnail hentry category-daredacao\">\n<figure class=\"alignwide wp-block-post-featured-image\"><a href=\"https:\/\/www.jornalja.com.br\/site\/prefeitura-de-porto-alegre-cria-projeto-de-lei-para-fundar-a-loteria-municipal\/\" target=\"_self\"  ><img decoding=\"async\" width=\"620\" height=\"350\" src=\"https:\/\/www.jornalja.com.br\/site\/wp-content\/uploads\/sites\/15\/2022\/03\/prefeitura-de-porto-alegre.jpeg\" class=\"attachment-post-thumbnail size-post-thumbnail wp-post-image\" alt=\"Prefeitura de Porto Alegre cria projeto de lei para fundar a Loteria Municipal\" style=\"object-fit:cover;\" srcset=\"https:\/\/www.jornalja.com.br\/site\/wp-content\/uploads\/sites\/15\/2022\/03\/prefeitura-de-porto-alegre.jpeg 620w, https:\/\/www.jornalja.com.br\/site\/wp-content\/uploads\/sites\/15\/2022\/03\/prefeitura-de-porto-alegre-300x169.jpeg 300w\" sizes=\"(max-width: 620px) 100vw, 620px\" data-attachment-id=\"1590\" data-permalink=\"https:\/\/www.jornalja.com.br\/site\/prefeitura-de-porto-alegre-cria-projeto-de-lei-para-fundar-a-loteria-municipal\/prefeitura-de-porto-alegre\/\" data-orig-file=\"https:\/\/www.jornalja.com.br\/site\/wp-content\/uploads\/sites\/15\/2022\/03\/prefeitura-de-porto-alegre.jpeg\" data-orig-size=\"620,350\" data-comments-opened=\"1\" data-image-meta=\"{&quot;aperture&quot;:&quot;0&quot;,&quot;credit&quot;:&quot;&quot;,&quot;camera&quot;:&quot;&quot;,&quot;caption&quot;:&quot;&quot;,&quot;created_timestamp&quot;:&quot;0&quot;,&quot;copyright&quot;:&quot;&quot;,&quot;focal_length&quot;:&quot;0&quot;,&quot;iso&quot;:&quot;0&quot;,&quot;shutter_speed&quot;:&quot;0&quot;,&quot;title&quot;:&quot;&quot;,&quot;orientation&quot;:&quot;0&quot;}\" data-image-title=\"Prefeitura de Porto Alegre\" data-image-description=\"\" data-image-caption=\"&lt;p&gt;Prefeito de Porto Alegre, Sebasti\u00e3o Melo\/Divulga\u00e7\u00e3o CMPA&lt;\/p&gt;\n\" data-large-file=\"https:\/\/www.jornalja.com.br\/site\/wp-content\/uploads\/sites\/15\/2022\/03\/prefeitura-de-porto-alegre.jpeg\" \/><\/a><\/figure>\n\n<h2 class=\"wp-block-post-title\"><a href=\"https:\/\/www.jornalja.com.br\/site\/prefeitura-de-porto-alegre-cria-projeto-de-lei-para-fundar-a-loteria-municipal\/\" target=\"_self\" >Prefeitura de Porto Alegre cria projeto de lei para fundar a Loteria Municipal<\/a><\/h2>\n\n\n<hr class=\"wp-block-separator has-css-opacity\"\/>\n\n\n<div class=\"wp-block-post-date\"><time datetime=\"2022-03-31T20:14:50-03:00\">31 de mar\u00e7o de 2022<\/time><\/div>\n<\/li><li class=\"wp-block-post post-1547 post type-post status-publish format-standard has-post-thumbnail hentry category-daredacao\">\n<figure class=\"alignwide wp-block-post-featured-image\"><a href=\"https:\/\/www.jornalja.com.br\/site\/aprenda-os-segredos-da-gastronomia-gourmet-com-a-le-cordon-bleu-no-curso-gratuito-da-universidade-do-restaurante-da-unilever\/\" target=\"_self\"  ><img decoding=\"async\" width=\"1200\" height=\"653\" src=\"https:\/\/www.jornalja.com.br\/site\/wp-content\/uploads\/sites\/15\/2022\/03\/foto1-1200x653.jpg\" class=\"attachment-post-thumbnail size-post-thumbnail wp-post-image\" alt=\"Aprenda os segredos da gastronomia gourmet com a Le Cordon Bleu no curso gratuito da Universidade do Restaurante da Unilever\" style=\"object-fit:cover;\" srcset=\"https:\/\/www.jornalja.com.br\/site\/wp-content\/uploads\/sites\/15\/2022\/03\/foto1-1200x653.jpg 1200w, https:\/\/www.jornalja.com.br\/site\/wp-content\/uploads\/sites\/15\/2022\/03\/foto1-300x163.jpg 300w, https:\/\/www.jornalja.com.br\/site\/wp-content\/uploads\/sites\/15\/2022\/03\/foto1-1024x557.jpg 1024w, https:\/\/www.jornalja.com.br\/site\/wp-content\/uploads\/sites\/15\/2022\/03\/foto1-768x418.jpg 768w, https:\/\/www.jornalja.com.br\/site\/wp-content\/uploads\/sites\/15\/2022\/03\/foto1-1536x836.jpg 1536w, https:\/\/www.jornalja.com.br\/site\/wp-content\/uploads\/sites\/15\/2022\/03\/foto1.jpg 1600w\" sizes=\"(max-width: 1200px) 100vw, 1200px\" data-attachment-id=\"1554\" data-permalink=\"https:\/\/www.jornalja.com.br\/site\/aprenda-os-segredos-da-gastronomia-gourmet-com-a-le-cordon-bleu-no-curso-gratuito-da-universidade-do-restaurante-da-unilever\/foto1\/\" data-orig-file=\"https:\/\/www.jornalja.com.br\/site\/wp-content\/uploads\/sites\/15\/2022\/03\/foto1.jpg\" data-orig-size=\"1600,871\" data-comments-opened=\"1\" data-image-meta=\"{&quot;aperture&quot;:&quot;0&quot;,&quot;credit&quot;:&quot;&quot;,&quot;camera&quot;:&quot;&quot;,&quot;caption&quot;:&quot;&quot;,&quot;created_timestamp&quot;:&quot;0&quot;,&quot;copyright&quot;:&quot;&quot;,&quot;focal_length&quot;:&quot;0&quot;,&quot;iso&quot;:&quot;0&quot;,&quot;shutter_speed&quot;:&quot;0&quot;,&quot;title&quot;:&quot;&quot;,&quot;orientation&quot;:&quot;0&quot;}\" data-image-title=\"foto1\" data-image-description=\"\" data-image-caption=\"&lt;p&gt;Foto: Divulga\u00e7\u00e3o&lt;\/p&gt;\n\" data-large-file=\"https:\/\/www.jornalja.com.br\/site\/wp-content\/uploads\/sites\/15\/2022\/03\/foto1-1024x557.jpg\" \/><\/a><\/figure>\n\n<h2 class=\"wp-block-post-title\"><a href=\"https:\/\/www.jornalja.com.br\/site\/aprenda-os-segredos-da-gastronomia-gourmet-com-a-le-cordon-bleu-no-curso-gratuito-da-universidade-do-restaurante-da-unilever\/\" target=\"_self\" >Aprenda os segredos da gastronomia gourmet com a Le Cordon Bleu no curso gratuito da Universidade do Restaurante da Unilever<\/a><\/h2>\n\n\n<hr class=\"wp-block-separator has-css-opacity\"\/>\n\n\n<div class=\"wp-block-post-date\"><time datetime=\"2022-03-17T17:15:52-03:00\">17 de mar\u00e7o de 2022<\/time><\/div>\n<\/li><li class=\"wp-block-post post-1408 post type-post status-publish format-standard has-post-thumbnail hentry category-daredacao\">\n<figure class=\"alignwide wp-block-post-featured-image\"><a href=\"https:\/\/www.jornalja.com.br\/site\/conheca-um-pouco-mais-sobre-marketing-digital-um-dos-setores-que-mais-valoriza-profissionais-no-mundo\/\" target=\"_self\"  ><img decoding=\"async\" width=\"1200\" height=\"800\" src=\"https:\/\/www.jornalja.com.br\/site\/wp-content\/uploads\/sites\/15\/2022\/03\/cr-0629-foto-1-1200x800.jpg\" class=\"attachment-post-thumbnail size-post-thumbnail wp-post-image\" alt=\"Conhe\u00e7a um pouco mais sobre Marketing Digital um dos setores que mais valoriza profissionais no mundo\" style=\"object-fit:cover;\" srcset=\"https:\/\/www.jornalja.com.br\/site\/wp-content\/uploads\/sites\/15\/2022\/03\/cr-0629-foto-1-1200x800.jpg 1200w, https:\/\/www.jornalja.com.br\/site\/wp-content\/uploads\/sites\/15\/2022\/03\/cr-0629-foto-1-300x200.jpg 300w, https:\/\/www.jornalja.com.br\/site\/wp-content\/uploads\/sites\/15\/2022\/03\/cr-0629-foto-1-1024x683.jpg 1024w, https:\/\/www.jornalja.com.br\/site\/wp-content\/uploads\/sites\/15\/2022\/03\/cr-0629-foto-1-768x512.jpg 768w, https:\/\/www.jornalja.com.br\/site\/wp-content\/uploads\/sites\/15\/2022\/03\/cr-0629-foto-1-1536x1024.jpg 1536w, https:\/\/www.jornalja.com.br\/site\/wp-content\/uploads\/sites\/15\/2022\/03\/cr-0629-foto-1.jpg 1920w\" sizes=\"(max-width: 1200px) 100vw, 1200px\" data-attachment-id=\"1412\" data-permalink=\"https:\/\/www.jornalja.com.br\/site\/conheca-um-pouco-mais-sobre-marketing-digital-um-dos-setores-que-mais-valoriza-profissionais-no-mundo\/cr-0629-foto-1\/\" data-orig-file=\"https:\/\/www.jornalja.com.br\/site\/wp-content\/uploads\/sites\/15\/2022\/03\/cr-0629-foto-1.jpg\" data-orig-size=\"1920,1280\" data-comments-opened=\"1\" data-image-meta=\"{&quot;aperture&quot;:&quot;0&quot;,&quot;credit&quot;:&quot;&quot;,&quot;camera&quot;:&quot;&quot;,&quot;caption&quot;:&quot;&quot;,&quot;created_timestamp&quot;:&quot;0&quot;,&quot;copyright&quot;:&quot;&quot;,&quot;focal_length&quot;:&quot;0&quot;,&quot;iso&quot;:&quot;0&quot;,&quot;shutter_speed&quot;:&quot;0&quot;,&quot;title&quot;:&quot;&quot;,&quot;orientation&quot;:&quot;0&quot;}\" data-image-title=\"CR-0629 &amp;#8211; FOTO 1\" data-image-description=\"\" data-image-caption=\"&lt;p&gt;Foto: Divulga\u00e7\u00e3o&lt;\/p&gt;\n\" data-large-file=\"https:\/\/www.jornalja.com.br\/site\/wp-content\/uploads\/sites\/15\/2022\/03\/cr-0629-foto-1-1024x683.jpg\" \/><\/a><\/figure>\n\n<h2 class=\"wp-block-post-title\"><a href=\"https:\/\/www.jornalja.com.br\/site\/conheca-um-pouco-mais-sobre-marketing-digital-um-dos-setores-que-mais-valoriza-profissionais-no-mundo\/\" target=\"_self\" >Conhe\u00e7a um pouco mais sobre Marketing Digital um dos setores que mais valoriza profissionais no mundo<\/a><\/h2>\n\n\n<hr class=\"wp-block-separator has-css-opacity\"\/>\n\n\n<div class=\"wp-block-post-date\"><time datetime=\"2022-03-09T12:42:28-03:00\">9 de mar\u00e7o de 2022<\/time><\/div>\n<\/li><\/ul><\/div>\n","protected":false},"excerpt":{"rendered":"","protected":false},"author":1,"featured_media":0,"parent":0,"menu_order":0,"comment_status":"closed","ping_status":"closed","template":"page-no-title","meta":{"jetpack_post_was_ever_published":false,"footnotes":""},"class_list":["post-12","page","type-page","status-publish","hentry"],"aioseo_notices":[],"jetpack_sharing_enabled":true,"_links":{"self":[{"href":"https:\/\/www.jornalja.com.br\/site\/wp-json\/wp\/v2\/pages\/12","targetHints":{"allow":["GET"]}}],"collection":[{"href":"https:\/\/www.jornalja.com.br\/site\/wp-json\/wp\/v2\/pages"}],"about":[{"href":"https:\/\/www.jornalja.com.br\/site\/wp-json\/wp\/v2\/types\/page"}],"author":[{"embeddable":true,"href":"https:\/\/www.jornalja.com.br\/site\/wp-json\/wp\/v2\/users\/1"}],"replies":[{"embeddable":true,"href":"https:\/\/www.jornalja.com.br\/site\/wp-json\/wp\/v2\/comments?post=12"}],"version-history":[{"count":5,"href":"https:\/\/www.jornalja.com.br\/site\/wp-json\/wp\/v2\/pages\/12\/revisions"}],"predecessor-version":[{"id":3147,"href":"https:\/\/www.jornalja.com.br\/site\/wp-json\/wp\/v2\/pages\/12\/revisions\/3147"}],"wp:attachment":[{"href":"https:\/\/www.jornalja.com.br\/site\/wp-json\/wp\/v2\/media?parent=12"}],"curies":[{"name":"wp","href":"https:\/\/api.w.org\/{rel}","templated":true}]}}