{"id":65,"date":"2020-08-30T22:18:52","date_gmt":"2020-08-31T01:18:52","guid":{"rendered":"https:\/\/www.jornalja.com.br\/publireportagem\/?page_id=65"},"modified":"2026-04-10T19:17:19","modified_gmt":"2026-04-10T22:17:19","slug":"contato","status":"publish","type":"page","link":"https:\/\/www.jornalja.com.br\/site\/contato\/","title":{"rendered":"Contato"},"content":{"rendered":"\n<p><strong>Endere\u00e7o:<\/strong> Av. Borges de Medeiros, 915 conj. 203 &#8211; Centro Hist\u00f3rico &#8211; Porto Alegre &#8211; RS &#8211; CEP 90020-025<\/p>\n\n\n\n<p><strong>Telefone:<\/strong> (51) 3330-7272<\/p>\n\n\n\n<p><strong>E-mail REDA\u00c7\u00c3O:<\/strong> jornaljaeditora@gmail.com<\/p>\n\n\n\n<p><strong>E-mail COMERCIAL:&nbsp;<\/strong>jornaljavendas@gmail.com<\/p>\n\n\n\n<p><strong>Facebook:<\/strong> <a href=\"https:\/\/www.facebook.com\/jornaljanaweb\" target=\"_blank\" rel=\"noopener noreferrer\">jornaljanaweb<\/a><\/p>\n\n\n\n<p><strong>Twitter:<\/strong> <a href=\"https:\/\/twitter.com\/jornal_ja\" target=\"_blank\" rel=\"noopener noreferrer\">jornal_ja<\/a><\/p>\n\n\n\n<p><strong>Instagram:<\/strong> <a href=\"https:\/\/www.instagram.com\/jornaljapoa\/\" target=\"_blank\" rel=\"noopener noreferrer\">jornaljapoa<\/a><\/p>\n\n\n\n<p>Se preferir envie sua d\u00favida, cr\u00edtica &nbsp;ou sugest\u00e3o pelo formul\u00e1rio:<\/p>\n\n\n<div class=\"wp-block-jetpack-contact-form is-vertical is-content-justification-left is-nowrap is-layout-flex wp-container-jetpack-contact-form-is-layout-e17988f4 wp-block-jetpack-contact-form-is-layout-flex\"><a href=\"https:\/\/www.jornalja.com.br\/site\/contato\/\" target=\"_blank\" rel=\"noopener noreferrer\">Envie um formul\u00e1rio.<\/a><\/div>","protected":false},"excerpt":{"rendered":"<p>Endere\u00e7o: Av. Borges de Medeiros, 915 conj. 203 &#8211; Centro Hist\u00f3rico &#8211; Porto Alegre &#8211; RS &#8211; CEP 90020-025 Telefone: (51) 3330-7272 E-mail REDA\u00c7\u00c3O: jornaljaeditora@gmail.com E-mail COMERCIAL:&nbsp;jornaljavendas@gmail.com Facebook: jornaljanaweb Twitter: jornal_ja Instagram: jornaljapoa Se preferir envie sua d\u00favida, cr\u00edtica &nbsp;ou sugest\u00e3o pelo formul\u00e1rio:<\/p>\n","protected":false},"author":1,"featured_media":0,"parent":0,"menu_order":0,"comment_status":"closed","ping_status":"closed","template":"","meta":{"jetpack_post_was_ever_published":false,"footnotes":""},"class_list":["post-65","page","type-page","status-publish","hentry"],"aioseo_notices":[],"jetpack_sharing_enabled":true,"_links":{"self":[{"href":"https:\/\/www.jornalja.com.br\/site\/wp-json\/wp\/v2\/pages\/65","targetHints":{"allow":["GET"]}}],"collection":[{"href":"https:\/\/www.jornalja.com.br\/site\/wp-json\/wp\/v2\/pages"}],"about":[{"href":"https:\/\/www.jornalja.com.br\/site\/wp-json\/wp\/v2\/types\/page"}],"author":[{"embeddable":true,"href":"https:\/\/www.jornalja.com.br\/site\/wp-json\/wp\/v2\/users\/1"}],"replies":[{"embeddable":true,"href":"https:\/\/www.jornalja.com.br\/site\/wp-json\/wp\/v2\/comments?post=65"}],"version-history":[{"count":7,"href":"https:\/\/www.jornalja.com.br\/site\/wp-json\/wp\/v2\/pages\/65\/revisions"}],"predecessor-version":[{"id":3698,"href":"https:\/\/www.jornalja.com.br\/site\/wp-json\/wp\/v2\/pages\/65\/revisions\/3698"}],"wp:attachment":[{"href":"https:\/\/www.jornalja.com.br\/site\/wp-json\/wp\/v2\/media?parent=65"}],"curies":[{"name":"wp","href":"https:\/\/api.w.org\/{rel}","templated":true}]}}